{"id":11317,"date":"2014-09-02T09:02:04","date_gmt":"2014-09-02T07:02:04","guid":{"rendered":"http:\/\/www.bosscook.es\/cocina-al-vapor-2\/"},"modified":"2015-01-20T16:10:46","modified_gmt":"2015-01-20T15:10:46","slug":"steam-cooking","status":"publish","type":"page","link":"https:\/\/www.bosscook.es\/en\/steam-cooking\/","title":{"rendered":"Steam Cooking"},"content":{"rendered":"<p style=\"text-align: justify;\"><div class=\"fusion-one-half one_half fusion-column\">\n<div class=\"fusion-title title\"><h2 class=\"title-heading-left\">Steam cooking<\/h2><div class=\"title-sep-container\"><div class=\"title-sep sep-double\"><\/div><\/div><\/div>\n<p style=\"text-align: justify;\"><span id=\"result_box\" lang=\"en\" tabindex=\"-1\"><span class=\"hps\">Steaming is one of the most healthy, economical and simple cooking techniques. Food is cooked only with the steam without the immersion in water or oil. In that way the vitamins and minerals of food are intact preserved, and also the flavours, aromas and colours. That cooking can be done with BOSSCOOK bags which offer tender, juicy and digestible food without using fats.<\/span><\/span><\/p>\n<div class=\"fusion-sep-clear\"><\/div><div class=\"fusion-separator sep-none\" style=\"border-color:#e0dede;margin-top:-30px;\"><\/div>\n<\/div>\n<div class=\"fusion-one-half one_half fusion-column last\">\n<a href=\"http:\/\/www.bosscook.es\/wp-content\/uploads\/2014\/09\/verduras_vapor1.jpg\"><img loading=\"lazy\" decoding=\"async\" class=\"alignnone wp-image-10495\" title=\"bosscook_cocina_vapor\" src=\"http:\/\/www.bosscook.es\/wp-content\/uploads\/2014\/09\/verduras_vapor1.jpg\" alt=\"bosscook_cocina_vapor\" width=\"312\" height=\"246\" srcset=\"https:\/\/www.bosscook.es\/wp-content\/uploads\/2014\/09\/verduras_vapor1.jpg 1270w, https:\/\/www.bosscook.es\/wp-content\/uploads\/2014\/09\/verduras_vapor1-300x236.jpg 300w, https:\/\/www.bosscook.es\/wp-content\/uploads\/2014\/09\/verduras_vapor1-1024x806.jpg 1024w\" sizes=\"auto, (max-width: 312px) 100vw, 312px\" \/><\/a><br \/>\n<\/div><div class=\"fusion-clearfix\"><\/div>\n<p style=\"text-align: justify;\"><span id=\"result_box\" lang=\"en\"><span class=\"hps\">Traditionally the steam cooking has been associated to disease situation or digestive ills by the preconception of tasteless food, but it\u2019s really the contrary because the tastes, smells, colors, texture of food are less altered. So when you prepare broccoli, you will eat with its entered flavor and texture; when you eat fresh prawns, you will savor the flavor of the sea.<\/span><\/span><br \/>\n<div class=\"fusion-two-third two_third fusion-column\">\n<div class=\"fusion-title title\"><h2 class=\"title-heading-left\">Benefits<\/h2><div class=\"title-sep-container\"><div class=\"title-sep sep-double\"><\/div><\/div><\/div>\n<ul class=\"arrow\">\n<ul class=\"arrow\">\n<ul class=\"arrow\">\n<li>The food preserves all its taste and vitamins.<\/li>\n<li>In contrast to ready meals, you can choose it and buy it fresh. <\/li>\n<li>For people who need a low-fat diet or to decrease cholesterol levels, steam cooking is particularly suitable.<\/li>\n<li>Easy, quick and clean cooking method. You use fewer utensils, so you keep the kitchen cleaned and organized. <\/li>\n<\/ul>\n<\/ul>\n<\/ul>\n<\/div>\n<div class=\"fusion-one-third one_third fusion-column last\">\n<div class=\"fusion-title title\"><h2 class=\"title-heading-left\">Food<\/h2><div class=\"title-sep-container\"><div class=\"title-sep sep-double\"><\/div><\/div><\/div>\n<div class=\"accordian fusion-accordian\"><div class=\"panel-group\" id=\"accordion-1\">\n<div class=\"fusion-panel panel-default\"><div class=\"panel-heading\"><h4 class=\"panel-title toggle\"><a data-toggle=\"collapse\" data-parent=\"#accordion-1\" data-target=\"#8e74e7178ec1f94c8\" href=\"#8e74e7178ec1f94c8\"><i class=\"fa-fusion-box\"><\/i>Vegetables<\/a><\/h4><\/div><div id=\"8e74e7178ec1f94c8\" class=\"panel-collapse collapse \"><div class=\"panel-body toggle-content\">The vegetable cooking preserves all the nutritional properties in a quickly and cleanly way.<\/div><\/div><\/div>\n<div class=\"fusion-panel panel-default\"><div class=\"panel-heading\"><h4 class=\"panel-title toggle\"><a data-toggle=\"collapse\" data-parent=\"#accordion-1\" data-target=\"#8d796abdf942e9d1e\" href=\"#8d796abdf942e9d1e\"><i class=\"fa-fusion-box\"><\/i>Fish<\/a><\/h4><\/div><div id=\"8d796abdf942e9d1e\" class=\"panel-collapse collapse \"><div class=\"panel-body toggle-content\">Suitable for fish such as salmon, trout and mullet, and also especially for seafood like mussels, clams and shrimp.<\/div><\/div><\/div>\n<div class=\"fusion-panel panel-default\"><div class=\"panel-heading\"><h4 class=\"panel-title toggle\"><a data-toggle=\"collapse\" data-parent=\"#accordion-1\" data-target=\"#291bbe60d087874cf\" href=\"#291bbe60d087874cf\"><i class=\"fa-fusion-box\"><\/i>Meat<\/a><\/h4><\/div><div id=\"291bbe60d087874cf\" class=\"panel-collapse collapse \"><div class=\"panel-body toggle-content\">It is recommended to cook lean meats with vegetables, to take the vegetables steam generated in cooking. The meat will be tender and juicy. For extra flavor, you can add salt or spices.<\/div><\/div><\/div>\n<\/div><\/div>\n<\/div><div class=\"fusion-clearfix\"><\/div>\n","protected":false},"excerpt":{"rendered":"<p>Traditionally the steam cooking has been associated to disease situation or digestive ills by the preconception of tasteless food, but it\u2019s really the contrary because the tastes, smells, colors, texture of food are less altered. So when you prepare broccoli, you will eat with its entered flavor and texture; when you eat fresh prawns, you [&hellip;]<\/p>\n","protected":false},"author":1,"featured_media":0,"parent":0,"menu_order":0,"comment_status":"open","ping_status":"open","template":"side-navigation.php","meta":{"footnotes":""},"class_list":["post-11317","page","type-page","status-publish","hentry"],"yoast_head":"<!-- This site is optimized with the Yoast SEO plugin v27.4 - https:\/\/yoast.com\/product\/yoast-seo-wordpress\/ -->\n<title>Cocina al vapor BOSSCOOK<\/title>\n<meta name=\"description\" content=\"Cocina al vapor. BOSSCOOK permite esta cocci\u00f3n obteniendo alimentos tiernos, jugosos y f\u00e1ciles de digerir sin la utilizaci\u00f3n de grasas.\" \/>\n<meta name=\"robots\" content=\"index, follow, max-snippet:-1, max-image-preview:large, max-video-preview:-1\" \/>\n<link rel=\"canonical\" href=\"https:\/\/www.bosscook.es\/en\/steam-cooking\/\" \/>\n<meta property=\"og:locale\" content=\"en_US\" \/>\n<meta property=\"og:type\" content=\"article\" \/>\n<meta property=\"og:title\" content=\"Cocina al vapor BOSSCOOK\" \/>\n<meta property=\"og:description\" content=\"Cocina al vapor. BOSSCOOK permite esta cocci\u00f3n obteniendo alimentos tiernos, jugosos y f\u00e1ciles de digerir sin la utilizaci\u00f3n de grasas.\" \/>\n<meta property=\"og:url\" content=\"https:\/\/www.bosscook.es\/en\/steam-cooking\/\" \/>\n<meta property=\"og:site_name\" content=\"BOSSCOOK\" \/>\n<meta property=\"article:modified_time\" content=\"2015-01-20T15:10:46+00:00\" \/>\n<meta property=\"og:image\" content=\"http:\/\/www.bosscook.es\/wp-content\/uploads\/2014\/09\/verduras_vapor1.jpg\" \/>\n<meta name=\"twitter:label1\" content=\"Est. reading time\" \/>\n\t<meta name=\"twitter:data1\" content=\"2 minutes\" \/>\n<script type=\"application\/ld+json\" class=\"yoast-schema-graph\">{\"@context\":\"https:\\\/\\\/schema.org\",\"@graph\":[{\"@type\":\"WebPage\",\"@id\":\"https:\\\/\\\/www.bosscook.es\\\/en\\\/steam-cooking\\\/\",\"url\":\"https:\\\/\\\/www.bosscook.es\\\/en\\\/steam-cooking\\\/\",\"name\":\"Cocina al vapor BOSSCOOK\",\"isPartOf\":{\"@id\":\"https:\\\/\\\/www.bosscook.es\\\/#website\"},\"primaryImageOfPage\":{\"@id\":\"https:\\\/\\\/www.bosscook.es\\\/en\\\/steam-cooking\\\/#primaryimage\"},\"image\":{\"@id\":\"https:\\\/\\\/www.bosscook.es\\\/en\\\/steam-cooking\\\/#primaryimage\"},\"thumbnailUrl\":\"http:\\\/\\\/www.bosscook.es\\\/wp-content\\\/uploads\\\/2014\\\/09\\\/verduras_vapor1.jpg\",\"datePublished\":\"2014-09-02T07:02:04+00:00\",\"dateModified\":\"2015-01-20T15:10:46+00:00\",\"description\":\"Cocina al vapor. BOSSCOOK permite esta cocci\u00f3n obteniendo alimentos tiernos, jugosos y f\u00e1ciles de digerir sin la utilizaci\u00f3n de grasas.\",\"breadcrumb\":{\"@id\":\"https:\\\/\\\/www.bosscook.es\\\/en\\\/steam-cooking\\\/#breadcrumb\"},\"inLanguage\":\"en-US\",\"potentialAction\":[{\"@type\":\"ReadAction\",\"target\":[\"https:\\\/\\\/www.bosscook.es\\\/en\\\/steam-cooking\\\/\"]}]},{\"@type\":\"ImageObject\",\"inLanguage\":\"en-US\",\"@id\":\"https:\\\/\\\/www.bosscook.es\\\/en\\\/steam-cooking\\\/#primaryimage\",\"url\":\"http:\\\/\\\/www.bosscook.es\\\/wp-content\\\/uploads\\\/2014\\\/09\\\/verduras_vapor1.jpg\",\"contentUrl\":\"http:\\\/\\\/www.bosscook.es\\\/wp-content\\\/uploads\\\/2014\\\/09\\\/verduras_vapor1.jpg\"},{\"@type\":\"BreadcrumbList\",\"@id\":\"https:\\\/\\\/www.bosscook.es\\\/en\\\/steam-cooking\\\/#breadcrumb\",\"itemListElement\":[{\"@type\":\"ListItem\",\"position\":1,\"name\":\"Portada\",\"item\":\"https:\\\/\\\/www.bosscook.es\\\/en\\\/\"},{\"@type\":\"ListItem\",\"position\":2,\"name\":\"Steam Cooking\"}]},{\"@type\":\"WebSite\",\"@id\":\"https:\\\/\\\/www.bosscook.es\\\/#website\",\"url\":\"https:\\\/\\\/www.bosscook.es\\\/\",\"name\":\"BOSSCOOK\",\"description\":\"Cocina al vapor\",\"potentialAction\":[{\"@type\":\"SearchAction\",\"target\":{\"@type\":\"EntryPoint\",\"urlTemplate\":\"https:\\\/\\\/www.bosscook.es\\\/?s={search_term_string}\"},\"query-input\":{\"@type\":\"PropertyValueSpecification\",\"valueRequired\":true,\"valueName\":\"search_term_string\"}}],\"inLanguage\":\"en-US\"}]}<\/script>\n<!-- \/ Yoast SEO plugin. -->","yoast_head_json":{"title":"Cocina al vapor BOSSCOOK","description":"Cocina al vapor. BOSSCOOK permite esta cocci\u00f3n obteniendo alimentos tiernos, jugosos y f\u00e1ciles de digerir sin la utilizaci\u00f3n de grasas.","robots":{"index":"index","follow":"follow","max-snippet":"max-snippet:-1","max-image-preview":"max-image-preview:large","max-video-preview":"max-video-preview:-1"},"canonical":"https:\/\/www.bosscook.es\/en\/steam-cooking\/","og_locale":"en_US","og_type":"article","og_title":"Cocina al vapor BOSSCOOK","og_description":"Cocina al vapor. BOSSCOOK permite esta cocci\u00f3n obteniendo alimentos tiernos, jugosos y f\u00e1ciles de digerir sin la utilizaci\u00f3n de grasas.","og_url":"https:\/\/www.bosscook.es\/en\/steam-cooking\/","og_site_name":"BOSSCOOK","article_modified_time":"2015-01-20T15:10:46+00:00","og_image":[{"url":"http:\/\/www.bosscook.es\/wp-content\/uploads\/2014\/09\/verduras_vapor1.jpg","type":"","width":"","height":""}],"twitter_misc":{"Est. reading time":"2 minutes"},"schema":{"@context":"https:\/\/schema.org","@graph":[{"@type":"WebPage","@id":"https:\/\/www.bosscook.es\/en\/steam-cooking\/","url":"https:\/\/www.bosscook.es\/en\/steam-cooking\/","name":"Cocina al vapor BOSSCOOK","isPartOf":{"@id":"https:\/\/www.bosscook.es\/#website"},"primaryImageOfPage":{"@id":"https:\/\/www.bosscook.es\/en\/steam-cooking\/#primaryimage"},"image":{"@id":"https:\/\/www.bosscook.es\/en\/steam-cooking\/#primaryimage"},"thumbnailUrl":"http:\/\/www.bosscook.es\/wp-content\/uploads\/2014\/09\/verduras_vapor1.jpg","datePublished":"2014-09-02T07:02:04+00:00","dateModified":"2015-01-20T15:10:46+00:00","description":"Cocina al vapor. BOSSCOOK permite esta cocci\u00f3n obteniendo alimentos tiernos, jugosos y f\u00e1ciles de digerir sin la utilizaci\u00f3n de grasas.","breadcrumb":{"@id":"https:\/\/www.bosscook.es\/en\/steam-cooking\/#breadcrumb"},"inLanguage":"en-US","potentialAction":[{"@type":"ReadAction","target":["https:\/\/www.bosscook.es\/en\/steam-cooking\/"]}]},{"@type":"ImageObject","inLanguage":"en-US","@id":"https:\/\/www.bosscook.es\/en\/steam-cooking\/#primaryimage","url":"http:\/\/www.bosscook.es\/wp-content\/uploads\/2014\/09\/verduras_vapor1.jpg","contentUrl":"http:\/\/www.bosscook.es\/wp-content\/uploads\/2014\/09\/verduras_vapor1.jpg"},{"@type":"BreadcrumbList","@id":"https:\/\/www.bosscook.es\/en\/steam-cooking\/#breadcrumb","itemListElement":[{"@type":"ListItem","position":1,"name":"Portada","item":"https:\/\/www.bosscook.es\/en\/"},{"@type":"ListItem","position":2,"name":"Steam Cooking"}]},{"@type":"WebSite","@id":"https:\/\/www.bosscook.es\/#website","url":"https:\/\/www.bosscook.es\/","name":"BOSSCOOK","description":"Cocina al vapor","potentialAction":[{"@type":"SearchAction","target":{"@type":"EntryPoint","urlTemplate":"https:\/\/www.bosscook.es\/?s={search_term_string}"},"query-input":{"@type":"PropertyValueSpecification","valueRequired":true,"valueName":"search_term_string"}}],"inLanguage":"en-US"}]}},"_links":{"self":[{"href":"https:\/\/www.bosscook.es\/en\/wp-json\/wp\/v2\/pages\/11317","targetHints":{"allow":["GET"]}}],"collection":[{"href":"https:\/\/www.bosscook.es\/en\/wp-json\/wp\/v2\/pages"}],"about":[{"href":"https:\/\/www.bosscook.es\/en\/wp-json\/wp\/v2\/types\/page"}],"author":[{"embeddable":true,"href":"https:\/\/www.bosscook.es\/en\/wp-json\/wp\/v2\/users\/1"}],"replies":[{"embeddable":true,"href":"https:\/\/www.bosscook.es\/en\/wp-json\/wp\/v2\/comments?post=11317"}],"version-history":[{"count":7,"href":"https:\/\/www.bosscook.es\/en\/wp-json\/wp\/v2\/pages\/11317\/revisions"}],"predecessor-version":[{"id":11467,"href":"https:\/\/www.bosscook.es\/en\/wp-json\/wp\/v2\/pages\/11317\/revisions\/11467"}],"wp:attachment":[{"href":"https:\/\/www.bosscook.es\/en\/wp-json\/wp\/v2\/media?parent=11317"}],"curies":[{"name":"wp","href":"https:\/\/api.w.org\/{rel}","templated":true}]}}