{"id":11155,"date":"2015-01-14T09:54:58","date_gmt":"2015-01-14T08:54:58","guid":{"rendered":"http:\/\/www.bosscook.es\/bolsas-bosscook-2\/"},"modified":"2020-02-25T15:46:56","modified_gmt":"2020-02-25T14:46:56","slug":"bolsas-bosscook","status":"publish","type":"page","link":"https:\/\/www.bosscook.es\/fr\/","title":{"rendered":"Sacs BOSSCOOK"},"content":{"rendered":"<div class=\"fusion-sep-clear\"><\/div><div class=\"fusion-separator sep-none\" style=\"border-color:#e0dede;margin-top:5px;margin-bottom:5px;\"><\/div>\n<h2><strong><span id=\"result_box\" class=\"short_text\" lang=\"fr\" tabindex=\"-1\"><span class=\"hps\">Sacs BOSSCOOK<\/span>\u00a0<span class=\"hps\">pour la cuisson<\/span> <span class=\"hps\">\u00e0 la vapeur<\/span><\/span><\/strong><\/h2>\n<div class=\"fusion-two-third two_third fusion-column\">\n<iframe loading=\"lazy\" src=\"https:\/\/www.youtube.com\/embed\/cpXHNNi0fDE?rel=0&amp;autoplay=1\" width=\"640\" height=\"358\" frameborder=\"0\" allowfullscreen=\"allowfullscreen\"><\/iframe><br \/>\n<\/div>\n<div class=\"fusion-one-third one_third fusion-column last\">\n<p><a href=\"https:\/\/www.bosscook.es\/fr\/ou-acheter\/\"><img loading=\"lazy\" decoding=\"async\" class=\"alignnone wp-image-11508 size-full\" title=\"bolsas_bosscook\" src=\"http:\/\/www.bosscook.es\/wp-content\/uploads\/2015\/01\/dondecomprar4_FR.jpg\" alt=\"\" width=\"234\" height=\"256\" srcset=\"https:\/\/www.bosscook.es\/wp-content\/uploads\/2015\/01\/dondecomprar4_FR.jpg 288w, https:\/\/www.bosscook.es\/wp-content\/uploads\/2015\/01\/dondecomprar4_FR-274x300.jpg 274w\" sizes=\"auto, (max-width: 234px) 100vw, 234px\" \/><\/a><\/p>\n<p><a href=\"https:\/\/www.bosscook.es\/fr\/blogger\/\"><img loading=\"lazy\" decoding=\"async\" class=\"alignnone wp-image-11509 \" src=\"https:\/\/www.bosscook.es\/wp-content\/uploads\/2015\/01\/eresblogger_FR.jpg\" alt=\"eresblogger_FR\" width=\"233\" height=\"88\" \/><\/a><\/div><div class=\"fusion-clearfix\"><\/div>\n<style type='text\/css'>.reading-box-container-1 .element-bottomshadow:before,.reading-box-container-1 .element-bottomshadow:after{opacity:0.1;}<\/style><div class=\"fusion-reading-box-container reading-box-container-1\"><section class=\"reading-box\" style=\"background-color:#f6f6f6;border-width:1px;border-color:#f6f6f6;border-top-width:3px;border-top-color:#c3d500;border-style:solid;\"><a class=\"button fusion-button button-default default button-square button-small small button-flat continue continue-right\" href=\"http:\/\/www.bosscook.es\/fr\/bosscook\/\" target=\"_self\" type=\"button\"><span>Savoir plus<\/span><\/a><h2>LET'S READY TO COOK! Sacs cuisson au four et au micro-ondes avec fermeture adh\u00e9sive.<\/h2><p> D\u00e9licieux plats \u00e0 la papillote en conservant toutes les propri\u00e9t\u00e9s nutritionnelles des aliments. Une fa\u00e7on rapide et propre de cuisiner.<\/p><a class=\"button fusion-button button-default default button-square button-small small button-flat mobile-button continue-right\" href=\"http:\/\/www.bosscook.es\/fr\/bosscook\/\" target=\"_self\" type=\"button\"><span>Savoir plus<\/span><\/a><\/section><\/div>\n<div class=\"fusion-sep-clear\"><\/div><div class=\"fusion-separator sep-none\" style=\"border-color:#e0dede;margin-top:-30px;margin-bottom:-30px;\"><\/div>\n<div class=\"fusion-title title sep-underline sep-solid\" style=\"border-bottom-color:rgba(000,000,000,.1);\"><h2 class=\"title-heading-left\">Utilit\u00e9 des sacs BOSSCOOK:<\/h2><\/div>\n<div class=\"fusion-sep-clear\"><\/div><div class=\"fusion-separator sep-none\" style=\"border-color:#e0dede;margin-top:-20px;margin-bottom:-20px;\"><\/div>\n<h4><span id=\"result_box\" lang=\"fr\" tabindex=\"-1\"><span class=\"hps\">Sacs cuisson au four et micro-ondes. Ainsi, l&#8217;aliment est cuit dans son jus, l&#8217;assaisonnement au go\u00fbt, ce qui rend plus tendre, juteuse et sain.<\/span><span id=\"result_box\" lang=\"en\"><\/span><\/span><\/h4>\n<div class=\"fusion-one-half one_half fusion-column\">\n<span id=\"result_box\" class=\"short_text\" lang=\"en\"><span class=\"hps alt-edited\">Avantages de la cuisson \u00e0 la vapeur<\/span><\/span><br \/>\n<ul class=\"fusion-checklist\">\n<li class=\"fusion-li-item size-small\"><span style=\"background-color:#c3d500;\" class=\"icon-wrapper circle-yes\"><i class=\"fusion-li-icon fa fa-star-o\" style=\"color:#ffffff;\"><\/i><\/span><span class=\"fusion-li-item-content\">Les aliments conservent leur saveur naturelle et des vitamines.<\/span><\/li>\n<li class=\"fusion-li-item size-small\"><span style=\"background-color:#c3d500;\" class=\"icon-wrapper circle-yes\"><i class=\"fusion-li-icon fa fa-star-o\" style=\"color:#ffffff;\"><\/i><\/span><span class=\"fusion-li-item-content\">Cuisson \u00e0 la vapeur en quelques minutes. Plein de recettes.<\/span><\/li>\n<li class=\"fusion-li-item size-small\"><span style=\"background-color:#c3d500;\" class=\"icon-wrapper circle-yes\"><i class=\"fusion-li-icon fa fa-star-o\" style=\"color:#ffffff;\"><\/i><\/span><span class=\"fusion-li-item-content\">BOSSCOOK permet la cuisson pour les personnes souffrant d&#8217;intol\u00e9rances alimentaires.<\/span><\/li>\n<li class=\"fusion-li-item size-small\"><span style=\"background-color:#c3d500;\" class=\"icon-wrapper circle-yes\"><i class=\"fusion-li-icon fa fa-star-o\" style=\"color:#ffffff;\"><\/i><\/span><span class=\"fusion-li-item-content\">Les aliments dans le sac peut \u00eatre conserv\u00e9 dans le froid ou congel\u00e9s.<\/span><\/li>\n<li class=\"fusion-li-item size-small\"><span style=\"background-color:#c3d500;\" class=\"icon-wrapper circle-yes\"><i class=\"fusion-li-icon fa fa-star-o\" style=\"color:#ffffff;\"><\/i><\/span><span class=\"fusion-li-item-content\">Optimisation de l&#8217;espace et r\u00e9duction du temps de nettoyage.<\/span><\/li>\n<li class=\"fusion-li-item size-small\"><span style=\"background-color:#c3d500;\" class=\"icon-wrapper circle-yes\"><i class=\"fusion-li-icon fa fa-star-o\" style=\"color:#ffffff;\"><\/i><\/span><span class=\"fusion-li-item-content\">Sacs recyclables sans Bisph\u00e9nol-A.<\/span><\/li>\n<li class=\"fusion-li-item size-small\"><span style=\"background-color:#c3d500;\" class=\"icon-wrapper circle-yes\"><i class=\"fusion-li-icon fa fa-star-o\" style=\"color:#ffffff;\"><\/i><\/span><span class=\"fusion-li-item-content\">100% s\u00e9curit\u00e9 alimentaire.<\/span><\/li>\n<\/ul>\n<div class=\"fusion-sep-clear\"><\/div><div class=\"fusion-separator sep-none\" style=\"border-color:#e0dede;margin-top:px;margin-bottom:10px;\"><\/div>\n<style>.fusion-button.button-1{text-shadow:none;-webkit-box-shadow:none;-moz-box-shadow:none;box-shadow: none;border-width:0px;color:rgba(255,255,255,.8) ;border-color:rgba(255,255,255,.8) ;}.fusion-button.button-1:hover,.fusion-button.button-1:focus,.fusion-button.button-1:active{border-width:0px;border-color:rgba(255,255,255,.9) ;color:rgba(255,255,255,.9) ;}.fusion-button.button-1{background: #757575;}.fusion-button.button-1:hover,.button-1:focus,.fusion-button.button-1:active{background: #c3d500;}<\/style><a class=\"button medium button default fusion-button button-flat button-square button-medium button-default button-1 buttonshadow-no\" type=\"button\" target=\"_self\" title href=\"http:\/\/www.bosscook.es\/fr\/intolerances-alimentaires\/\"><span class=\"button-icon-divider-left\"><i class=\"fa fa-star\"><\/i><\/span><span class=\"fusion-button-text-left\">Une<span id=\"result_box\" class=\"short_text\" lang=\"en\" tabindex=\"-1\"><span class=\"hps\"><span id=\"result_box\" class=\"short_text\" lang=\"fr\" tabindex=\"-1\">\u00a0<span class=\"hps\">intol\u00e9rance alimentaire<\/span>?<\/span><\/span><\/span><\/span><\/a>\n<\/div>\n<div class=\"fusion-one-half one_half fusion-column last\">\n<img loading=\"lazy\" decoding=\"async\" class=\"alignnone wp-image-11697 \" src=\"http:\/\/www.bosscook.es\/wp-content\/uploads\/2013\/12\/foto-cajas3.jpg\" alt=\"\" width=\"244\" height=\"364\" srcset=\"https:\/\/www.bosscook.es\/wp-content\/uploads\/2013\/12\/foto-cajas3.jpg 251w, https:\/\/www.bosscook.es\/wp-content\/uploads\/2013\/12\/foto-cajas3-201x300.jpg 201w\" sizes=\"auto, (max-width: 244px) 100vw, 244px\" \/><\/p>\n<style>.fusion-button.button-2{text-shadow:none;-webkit-box-shadow:none;-moz-box-shadow:none;box-shadow: none;border-width:0px;color:rgba(255,255,255,.8) ;border-color:rgba(255,255,255,.8) ;}.fusion-button.button-2:hover,.fusion-button.button-2:focus,.fusion-button.button-2:active{border-width:0px;border-color:rgba(255,255,255,.9) ;color:rgba(255,255,255,.9) ;}.fusion-button.button-2{background: #757575;}.fusion-button.button-2:hover,.button-2:focus,.fusion-button.button-2:active{background: #c3d500;}<\/style><a class=\"button medium button default fusion-button button-flat button-square button-medium button-default button-2 buttonshadow-no\" type=\"button\" target=\"_self\" title href=\"http:\/\/www.bosscook.es\/fr\/bosscook\/\"><span class=\"button-icon-divider-left\"><i class=\"fa fa-star\"><\/i><\/span><span class=\"fusion-button-text-left\"><span id=\"result_box\" class=\"short_text\" lang=\"fr\" tabindex=\"-1\"><span class=\"hps alt-edited\">Fonctionnement<\/span><\/span><\/span><\/a>\n<\/div><div class=\"fusion-clearfix\"><\/div>\n<div class=\"fusion-title title\"><h2 class=\"title-heading-left\">Recettes<\/h2><div class=\"title-sep-container\"><div class=\"title-sep sep-double\"><\/div><\/div><\/div>\n<div class=\"fusion-recent-works layout-grid portfolio portfolio-two portfolio-grid\" data-columns=\"two\"><div class=\"portfolio-wrapper\"><div class=\"portfolio-item legumes-fr micro-ondes-fr \"><div class=\"image\" aria-haspopup=\"true\"><img decoding=\"async\" src=\"https:\/\/www.bosscook.es\/wp-content\/uploads\/2014\/09\/verduras_boss_cook_web2-460x295.jpg\" \/><div class=\"image-extras\"><div class=\"image-extras-content\"><a class=\"icon link-icon\" href=\"https:\/\/www.bosscook.es\/fr\/portfolio-items\/legumes-vapeur\/\" style=\"display:inline-block;\"><\/a><a class=\"icon gallery-icon\" href=\"https:\/\/www.bosscook.es\/wp-content\/uploads\/2014\/09\/verduras_boss_cook_web2.jpg\" rel=\"prettyPhoto[gallery_recent_1]\" style=\"display:inline-block;\"><\/a><h3 class=\"entry-title\"><a href=\"https:\/\/www.bosscook.es\/fr\/portfolio-items\/legumes-vapeur\/\" target>L\u00e9gumes \u00e0 la vapeur<\/a><\/h3><h4><a href=\"https:\/\/www.bosscook.es\/fr\/portfolio_category\/legumes-fr\/\" rel=\"tag\">L\u00e9gumes @fr<\/a>, <a href=\"https:\/\/www.bosscook.es\/fr\/portfolio_category\/micro-ondes-fr\/\" rel=\"tag\">Micro-ondes @fr<\/a><\/h4><\/div><\/div><\/div><\/div><div class=\"portfolio-item fruits-de-mer micro-ondes-fr \"><div class=\"image\" aria-haspopup=\"true\"><img decoding=\"async\" src=\"https:\/\/www.bosscook.es\/wp-content\/uploads\/2014\/09\/gambas_boss_cook_web-460x295.jpg\" \/><div class=\"image-extras\"><div class=\"image-extras-content\"><a class=\"icon link-icon\" href=\"https:\/\/www.bosscook.es\/fr\/portfolio-items\/crevettes\/\" style=\"display:inline-block;\"><\/a><a class=\"icon gallery-icon\" href=\"https:\/\/www.bosscook.es\/wp-content\/uploads\/2014\/09\/gambas_boss_cook_web.jpg\" rel=\"prettyPhoto[gallery_recent_1]\" style=\"display:inline-block;\"><\/a><h3 class=\"entry-title\"><a href=\"https:\/\/www.bosscook.es\/fr\/portfolio-items\/crevettes\/\" target>Crevettes<\/a><\/h3><h4><a href=\"https:\/\/www.bosscook.es\/fr\/portfolio_category\/fruits-de-mer\/\" rel=\"tag\">Fruits de mer<\/a>, <a href=\"https:\/\/www.bosscook.es\/fr\/portfolio_category\/micro-ondes-fr\/\" rel=\"tag\">Micro-ondes @fr<\/a><\/h4><\/div><\/div><\/div><\/div><div class=\"portfolio-item four-fr poisson-fr \"><div class=\"image\" aria-haspopup=\"true\"><img decoding=\"async\" src=\"https:\/\/www.bosscook.es\/wp-content\/uploads\/2014\/09\/salmon_boss_cook_web-460x295.jpg\" \/><div class=\"image-extras\"><div class=\"image-extras-content\"><a class=\"icon link-icon\" href=\"https:\/\/www.bosscook.es\/fr\/portfolio-items\/saumon-asperges\/\" style=\"display:inline-block;\"><\/a><a class=\"icon gallery-icon\" href=\"https:\/\/www.bosscook.es\/wp-content\/uploads\/2014\/09\/salmon_boss_cook_web.jpg\" rel=\"prettyPhoto[gallery_recent_1]\" style=\"display:inline-block;\"><\/a><h3 class=\"entry-title\"><a href=\"https:\/\/www.bosscook.es\/fr\/portfolio-items\/saumon-asperges\/\" target>Saumon aux asperges<\/a><\/h3><h4><a href=\"https:\/\/www.bosscook.es\/fr\/portfolio_category\/four-fr\/\" rel=\"tag\">Four @fr<\/a>, <a href=\"https:\/\/www.bosscook.es\/fr\/portfolio_category\/poisson-fr\/\" rel=\"tag\">Poisson @fr<\/a><\/h4><\/div><\/div><\/div><\/div><\/div><\/div>\n","protected":false},"excerpt":{"rendered":"<p>Sacs BOSSCOOK\u00a0pour la cuisson \u00e0 la vapeur Sacs cuisson au four et micro-ondes. Ainsi, l&#8217;aliment est cuit dans son jus, l&#8217;assaisonnement au go\u00fbt, ce qui rend plus tendre, juteuse et sain.<\/p>\n","protected":false},"author":1,"featured_media":0,"parent":0,"menu_order":0,"comment_status":"closed","ping_status":"closed","template":"full-width.php","meta":{"footnotes":""},"class_list":["post-11155","page","type-page","status-publish","hentry"],"yoast_head":"<!-- This site is optimized with the Yoast SEO plugin v27.5 - https:\/\/yoast.com\/product\/yoast-seo-wordpress\/ -->\n<title>Sacs BOSSCOOK - BOSSCOOK<\/title>\n<meta name=\"robots\" content=\"index, follow, max-snippet:-1, max-image-preview:large, max-video-preview:-1\" \/>\n<link rel=\"canonical\" href=\"https:\/\/www.bosscook.es\/fr\/\" \/>\n<meta property=\"og:locale\" content=\"fr_FR\" \/>\n<meta property=\"og:type\" content=\"article\" \/>\n<meta property=\"og:title\" content=\"Sacs BOSSCOOK - BOSSCOOK\" \/>\n<meta property=\"og:description\" content=\"Sacs BOSSCOOK\u00a0pour la cuisson \u00e0 la vapeur Sacs cuisson au four et micro-ondes. Ainsi, l&#8217;aliment est cuit dans son jus, l&#8217;assaisonnement au go\u00fbt, ce qui rend plus tendre, juteuse et sain.\" \/>\n<meta property=\"og:url\" content=\"https:\/\/www.bosscook.es\/fr\/\" \/>\n<meta property=\"og:site_name\" content=\"BOSSCOOK\" \/>\n<meta property=\"article:modified_time\" content=\"2020-02-25T14:46:56+00:00\" \/>\n<meta property=\"og:image\" content=\"http:\/\/www.bosscook.es\/wp-content\/uploads\/2015\/01\/dondecomprar4_FR.jpg\" \/>\n<meta name=\"twitter:label1\" content=\"Dur\u00e9e de lecture estim\u00e9e\" \/>\n\t<meta name=\"twitter:data1\" content=\"3 minutes\" \/>\n<script type=\"application\/ld+json\" class=\"yoast-schema-graph\">{\"@context\":\"https:\\\/\\\/schema.org\",\"@graph\":[{\"@type\":\"WebPage\",\"@id\":\"https:\\\/\\\/www.bosscook.es\\\/fr\\\/\",\"url\":\"https:\\\/\\\/www.bosscook.es\\\/fr\\\/\",\"name\":\"Sacs BOSSCOOK - BOSSCOOK\",\"isPartOf\":{\"@id\":\"https:\\\/\\\/www.bosscook.es\\\/#website\"},\"primaryImageOfPage\":{\"@id\":\"https:\\\/\\\/www.bosscook.es\\\/fr\\\/#primaryimage\"},\"image\":{\"@id\":\"https:\\\/\\\/www.bosscook.es\\\/fr\\\/#primaryimage\"},\"thumbnailUrl\":\"http:\\\/\\\/www.bosscook.es\\\/wp-content\\\/uploads\\\/2015\\\/01\\\/dondecomprar4_FR.jpg\",\"datePublished\":\"2015-01-14T08:54:58+00:00\",\"dateModified\":\"2020-02-25T14:46:56+00:00\",\"breadcrumb\":{\"@id\":\"https:\\\/\\\/www.bosscook.es\\\/fr\\\/#breadcrumb\"},\"inLanguage\":\"fr-FR\",\"potentialAction\":[{\"@type\":\"ReadAction\",\"target\":[\"https:\\\/\\\/www.bosscook.es\\\/fr\\\/\"]}]},{\"@type\":\"ImageObject\",\"inLanguage\":\"fr-FR\",\"@id\":\"https:\\\/\\\/www.bosscook.es\\\/fr\\\/#primaryimage\",\"url\":\"http:\\\/\\\/www.bosscook.es\\\/wp-content\\\/uploads\\\/2015\\\/01\\\/dondecomprar4_FR.jpg\",\"contentUrl\":\"http:\\\/\\\/www.bosscook.es\\\/wp-content\\\/uploads\\\/2015\\\/01\\\/dondecomprar4_FR.jpg\"},{\"@type\":\"BreadcrumbList\",\"@id\":\"https:\\\/\\\/www.bosscook.es\\\/fr\\\/#breadcrumb\",\"itemListElement\":[{\"@type\":\"ListItem\",\"position\":1,\"name\":\"Portada\",\"item\":\"https:\\\/\\\/www.bosscook.es\\\/fr\\\/\"},{\"@type\":\"ListItem\",\"position\":2,\"name\":\"Sacs BOSSCOOK\"}]},{\"@type\":\"WebSite\",\"@id\":\"https:\\\/\\\/www.bosscook.es\\\/#website\",\"url\":\"https:\\\/\\\/www.bosscook.es\\\/\",\"name\":\"BOSSCOOK\",\"description\":\"Cocina al vapor\",\"potentialAction\":[{\"@type\":\"SearchAction\",\"target\":{\"@type\":\"EntryPoint\",\"urlTemplate\":\"https:\\\/\\\/www.bosscook.es\\\/?s={search_term_string}\"},\"query-input\":{\"@type\":\"PropertyValueSpecification\",\"valueRequired\":true,\"valueName\":\"search_term_string\"}}],\"inLanguage\":\"fr-FR\"}]}<\/script>\n<!-- \/ Yoast SEO plugin. -->","yoast_head_json":{"title":"Sacs BOSSCOOK - BOSSCOOK","robots":{"index":"index","follow":"follow","max-snippet":"max-snippet:-1","max-image-preview":"max-image-preview:large","max-video-preview":"max-video-preview:-1"},"canonical":"https:\/\/www.bosscook.es\/fr\/","og_locale":"fr_FR","og_type":"article","og_title":"Sacs BOSSCOOK - BOSSCOOK","og_description":"Sacs BOSSCOOK\u00a0pour la cuisson \u00e0 la vapeur Sacs cuisson au four et micro-ondes. Ainsi, l&#8217;aliment est cuit dans son jus, l&#8217;assaisonnement au go\u00fbt, ce qui rend plus tendre, juteuse et sain.","og_url":"https:\/\/www.bosscook.es\/fr\/","og_site_name":"BOSSCOOK","article_modified_time":"2020-02-25T14:46:56+00:00","og_image":[{"url":"http:\/\/www.bosscook.es\/wp-content\/uploads\/2015\/01\/dondecomprar4_FR.jpg","type":"","width":"","height":""}],"twitter_misc":{"Dur\u00e9e de lecture estim\u00e9e":"3 minutes"},"schema":{"@context":"https:\/\/schema.org","@graph":[{"@type":"WebPage","@id":"https:\/\/www.bosscook.es\/fr\/","url":"https:\/\/www.bosscook.es\/fr\/","name":"Sacs BOSSCOOK - BOSSCOOK","isPartOf":{"@id":"https:\/\/www.bosscook.es\/#website"},"primaryImageOfPage":{"@id":"https:\/\/www.bosscook.es\/fr\/#primaryimage"},"image":{"@id":"https:\/\/www.bosscook.es\/fr\/#primaryimage"},"thumbnailUrl":"http:\/\/www.bosscook.es\/wp-content\/uploads\/2015\/01\/dondecomprar4_FR.jpg","datePublished":"2015-01-14T08:54:58+00:00","dateModified":"2020-02-25T14:46:56+00:00","breadcrumb":{"@id":"https:\/\/www.bosscook.es\/fr\/#breadcrumb"},"inLanguage":"fr-FR","potentialAction":[{"@type":"ReadAction","target":["https:\/\/www.bosscook.es\/fr\/"]}]},{"@type":"ImageObject","inLanguage":"fr-FR","@id":"https:\/\/www.bosscook.es\/fr\/#primaryimage","url":"http:\/\/www.bosscook.es\/wp-content\/uploads\/2015\/01\/dondecomprar4_FR.jpg","contentUrl":"http:\/\/www.bosscook.es\/wp-content\/uploads\/2015\/01\/dondecomprar4_FR.jpg"},{"@type":"BreadcrumbList","@id":"https:\/\/www.bosscook.es\/fr\/#breadcrumb","itemListElement":[{"@type":"ListItem","position":1,"name":"Portada","item":"https:\/\/www.bosscook.es\/fr\/"},{"@type":"ListItem","position":2,"name":"Sacs BOSSCOOK"}]},{"@type":"WebSite","@id":"https:\/\/www.bosscook.es\/#website","url":"https:\/\/www.bosscook.es\/","name":"BOSSCOOK","description":"Cocina al vapor","potentialAction":[{"@type":"SearchAction","target":{"@type":"EntryPoint","urlTemplate":"https:\/\/www.bosscook.es\/?s={search_term_string}"},"query-input":{"@type":"PropertyValueSpecification","valueRequired":true,"valueName":"search_term_string"}}],"inLanguage":"fr-FR"}]}},"_links":{"self":[{"href":"https:\/\/www.bosscook.es\/fr\/wp-json\/wp\/v2\/pages\/11155","targetHints":{"allow":["GET"]}}],"collection":[{"href":"https:\/\/www.bosscook.es\/fr\/wp-json\/wp\/v2\/pages"}],"about":[{"href":"https:\/\/www.bosscook.es\/fr\/wp-json\/wp\/v2\/types\/page"}],"author":[{"embeddable":true,"href":"https:\/\/www.bosscook.es\/fr\/wp-json\/wp\/v2\/users\/1"}],"replies":[{"embeddable":true,"href":"https:\/\/www.bosscook.es\/fr\/wp-json\/wp\/v2\/comments?post=11155"}],"version-history":[{"count":21,"href":"https:\/\/www.bosscook.es\/fr\/wp-json\/wp\/v2\/pages\/11155\/revisions"}],"predecessor-version":[{"id":12567,"href":"https:\/\/www.bosscook.es\/fr\/wp-json\/wp\/v2\/pages\/11155\/revisions\/12567"}],"wp:attachment":[{"href":"https:\/\/www.bosscook.es\/fr\/wp-json\/wp\/v2\/media?parent=11155"}],"curies":[{"name":"wp","href":"https:\/\/api.w.org\/{rel}","templated":true}]}}