{"id":11534,"date":"2014-09-02T09:01:56","date_gmt":"2014-09-02T07:01:56","guid":{"rendered":"http:\/\/www.bosscook.es\/blogger-2\/"},"modified":"2020-02-25T15:37:36","modified_gmt":"2020-02-25T14:37:36","slug":"blogger","status":"publish","type":"page","link":"https:\/\/www.bosscook.es\/fr\/blogger\/","title":{"rendered":"Blogger"},"content":{"rendered":"<p><a href=\"http:\/\/www.bosscook.es\/wp-content\/uploads\/2014\/09\/titulo_blogger_FR.png\"><img loading=\"lazy\" decoding=\"async\" class=\"alignnone wp-image-11535 size-full\" title=\"blogger_bosscook\" src=\"http:\/\/www.bosscook.es\/wp-content\/uploads\/2014\/09\/titulo_blogger_FR.png\" alt=\"\" width=\"737\" height=\"156\" srcset=\"https:\/\/www.bosscook.es\/wp-content\/uploads\/2014\/09\/titulo_blogger_FR.png 1048w, https:\/\/www.bosscook.es\/wp-content\/uploads\/2014\/09\/titulo_blogger_FR-300x63.png 300w, https:\/\/www.bosscook.es\/wp-content\/uploads\/2014\/09\/titulo_blogger_FR-1024x216.png 1024w\" sizes=\"auto, (max-width: 737px) 100vw, 737px\" \/><\/a><br \/>\n<div class=\"fusion-sep-clear\"><\/div><div class=\"fusion-separator sep-none\" style=\"border-color:#e0dede;margin-top:-15px;margin-bottom:5px;\"><\/div>\n<h1>Nous recherchons des blogueurs de cuisine passionn\u00e9s comme toi pour repr\u00e9sentez BOSSCOOK.<\/h1>\n<div class=\"fusion-two-third two_third fusion-column\">\n<h3>Qu\u2019est-ce que est?<\/h3>\n<div class=\"fusion-sep-clear\"><\/div><div class=\"fusion-separator sep-single\" style=\"border-color:#cdcdcd;margin-top:-10px;margin-bottom:20px;\"><span class=\"icon-wrapper\" style=\"border-color:#cdcdcd;\"><i class=\"fa fa-chevron-down\" style=\"color:#cdcdcd;\"><\/i><\/span><\/div>\n<h4 style=\"text-align: justify;\"><strong>Si tu as un blog de cuisine, tu es passionn\u00e9s par la nourriture et tu es int\u00e9ress\u00e9 par nos sacs BOSSCOOK, nous te recherchons. Nous offrons la possibilit\u00e9 de distribuer le produit dans les magasins et les ustensiles de cuisine que vous aimez, gagner une commission qui variera en fonction de votre contribution en tant de la collaboration comme blogueur: avec des recettes, les recettes vid\u00e9o, messages &#8230; Votre passion pour la cuisine et le temps pass\u00e9 lui, a gagn\u00e9 de nombreux fans dans la blogosph\u00e8re et dans votre province qui vous permet de gagner de l&#8217;argent. Nous voulons que ce produit atteint l\u2019Europe et avec toi.<\/strong><\/h4>\n<h3>Comment \u00e7a marche?<\/h3>\n<div class=\"fusion-sep-clear\"><\/div><div class=\"fusion-separator sep-single\" style=\"border-color:#cdcdcd;margin-top:-10px;margin-bottom:20px;\"><span class=\"icon-wrapper\" style=\"border-color:#cdcdcd;\"><i class=\"fa fa-chevron-down\" style=\"color:#cdcdcd;\"><\/i><\/span><\/div>\n<ol>\n<li>Si tu es un blogueur et t\u2019int\u00e9ress\u00e9, veuille remplir le formulaire et nous prendrons contact avec toi pour t\u2019expliquer comment cela fonctionne.<\/li>\n<li>Nous enverrons sacs et catalogues BOSSCOOK pour connaitre le produit et pour le pr\u00e9senter dans vos magasins pr\u00e9f\u00e9r\u00e9s.<\/li>\n<li>Ton blog s\u2019affiche sur le web comme ambassadeur\/ambassadrice avec toutes vos recettes et nous publierons sur nos r\u00e9seaux sociaux et des newsletters.<\/li>\n<\/ol>\n<h3><span style=\"color: #c3d500;\"><strong>Si tu n\u2019as pas un blog, tu peux \u00e9galement distribuer les sacs BOSSCOOK.<\/strong><\/span><\/h3>\n<h4><strong>Demandez-nous sans obligation, nous nous r\u00e9jouissons de vous rencontrer.<\/strong><\/h4>\n<div class=\"fusion-one-third one_third fusion-column\">\n<div class=\"fusion-sep-clear\"><\/div><div class=\"fusion-separator sep-none\" style=\"border-color:#e0dede;margin-top:-15px;margin-bottom:-15px;\"><\/div>\n<\/div>\n<div class=\"fusion-one-half one_half fusion-column last\"><div class=\"fusion-social-links\"><div class=\"fusion-social-networks boxed-icons\"><a class=\"fusion-social-network-icon fusion-tooltip fusion-facebook icon-facebook\" href=\"https:\/\/www.facebook.com\/estudigraf\" target=\"_blank\" style=\"color:#bebdbd;background-color:#e8e8e8;border-color:#e8e8e8;border-radius:4px;\" data-placement=\"top\" data-title=\"Facebook\" data-toggle=\"tooltip\"><\/a><a class=\"fusion-social-network-icon fusion-tooltip fusion-vimeo icon-vimeo\" href=\"https:\/\/vimeo.com\/bosscook\" target=\"_blank\" style=\"color:#bebdbd;background-color:#e8e8e8;border-color:#e8e8e8;border-radius:4px;\" data-placement=\"top\" data-title=\"Vimeo\" data-toggle=\"tooltip\"><\/a><\/div><\/div><\/div><div class=\"fusion-clearfix\"><\/div>\n<\/div>\n<div class=\"fusion-one-third one_third fusion-column last\">\n<h4>Pou plus d&#8217;information contacte avec nous:<\/h4>\n<p>\n<div class=\"wpcf7 no-js\" id=\"wpcf7-f12552-o1\" lang=\"es-ES\" dir=\"ltr\" data-wpcf7-id=\"12552\">\n<div class=\"screen-reader-response\"><p role=\"status\" aria-live=\"polite\" aria-atomic=\"true\"><\/p> <ul><\/ul><\/div>\n<form action=\"\/fr\/wp-json\/wp\/v2\/pages\/11534#wpcf7-f12552-o1\" method=\"post\" class=\"wpcf7-form init\" aria-label=\"Formulario de contacto\" novalidate=\"novalidate\" data-status=\"init\">\n<fieldset class=\"hidden-fields-container\"><input type=\"hidden\" name=\"_wpcf7\" value=\"12552\" \/><input type=\"hidden\" name=\"_wpcf7_version\" value=\"6.1.5\" \/><input type=\"hidden\" name=\"_wpcf7_locale\" value=\"es_ES\" \/><input type=\"hidden\" name=\"_wpcf7_unit_tag\" value=\"wpcf7-f12552-o1\" \/><input type=\"hidden\" name=\"_wpcf7_container_post\" value=\"0\" \/><input type=\"hidden\" name=\"_wpcf7_posted_data_hash\" value=\"\" \/><input type=\"hidden\" name=\"_wpcf7_recaptcha_response\" value=\"\" \/>\n<\/fieldset>\n<p><label> Nom (demande)<br \/>\n<span class=\"wpcf7-form-control-wrap\" data-name=\"your-name\"><input size=\"40\" maxlength=\"400\" class=\"wpcf7-form-control wpcf7-text wpcf7-validates-as-required\" aria-required=\"true\" aria-invalid=\"false\" value=\"\" type=\"text\" name=\"your-name\" \/><\/span> <\/label>\n<\/p>\n<p><label> e-mail (demande)<br \/>\n<span class=\"wpcf7-form-control-wrap\" data-name=\"your-email\"><input size=\"40\" maxlength=\"400\" class=\"wpcf7-form-control wpcf7-email wpcf7-validates-as-required wpcf7-text wpcf7-validates-as-email\" aria-required=\"true\" aria-invalid=\"false\" value=\"\" type=\"email\" name=\"your-email\" \/><\/span> <\/label>\n<\/p>\n<p><label> Object<br \/>\n<span class=\"wpcf7-form-control-wrap\" data-name=\"your-subject\"><input size=\"40\" maxlength=\"400\" class=\"wpcf7-form-control wpcf7-text\" aria-invalid=\"false\" value=\"\" type=\"text\" name=\"your-subject\" \/><\/span> <\/label>\n<\/p>\n<p>votre blog\n<\/p>\n<p><span class=\"wpcf7-form-control-wrap\" data-name=\"url-649\"><input size=\"40\" maxlength=\"400\" class=\"wpcf7-form-control wpcf7-url wpcf7-validates-as-required wpcf7-text wpcf7-validates-as-url\" aria-required=\"true\" aria-invalid=\"false\" value=\"\" type=\"url\" name=\"url-649\" \/><\/span>\n<\/p>\n<p><label> Message<br \/>\n<span class=\"wpcf7-form-control-wrap\" data-name=\"your-message\"><textarea cols=\"40\" rows=\"10\" maxlength=\"2000\" class=\"wpcf7-form-control wpcf7-textarea\" aria-invalid=\"false\" name=\"your-message\"><\/textarea><\/span> <\/label>\n<\/p>\n<p><span class=\"wpcf7-form-control-wrap\" data-name=\"acceptance-128\"><span class=\"wpcf7-form-control wpcf7-acceptance\"><span class=\"wpcf7-list-item\"><input type=\"checkbox\" name=\"acceptance-128\" value=\"1\" aria-invalid=\"false\" \/><\/span><\/span><\/span> Il a lu et accept\u00e9 la politique de confidentialit\u00e9 <br \/>\n<a href=\"https:\/\/www.bosscook.es\/en\/privacy-policy\/\">politique de confidentialit\u00e9.<\/a>\n<\/p>\n<p><small>RESPONSIBLE: ESTUDI GRAF, SA. PURPOSE: Respond to your query. LEGITIMATION: Consent of the interested party. RECIPIENTS: The data provided is affected on the servers of Gurbtec Telecom (hosting service provider). <a href=\"https:\/\/goufone.com\/proteccio-dades\"> See privacy policy Gurbtec Telecom<\/a>. RIGHTS: Access, rectify and delete data, data portability, limitation or opposition to its processing. ADDITIONAL INFORMATION: You can consult the additional and detailed information about our<a href=\"https:\/\/www.bosscook.es\/en\/privacy-policy\/\"> Privacy Policy.<\/a><\/small>\n<\/p>\n<p><input class=\"wpcf7-form-control wpcf7-submit has-spinner\" type=\"submit\" value=\"Envoyer\" \/>\n<\/p><p style=\"display: none !important;\" class=\"akismet-fields-container\" data-prefix=\"_wpcf7_ak_\"><label>&#916;<textarea name=\"_wpcf7_ak_hp_textarea\" cols=\"45\" rows=\"8\" maxlength=\"100\"><\/textarea><\/label><input type=\"hidden\" id=\"ak_js_1\" name=\"_wpcf7_ak_js\" value=\"170\"\/><script>document.getElementById( \"ak_js_1\" ).setAttribute( \"value\", ( new Date() ).getTime() );<\/script><\/p><div class=\"wpcf7-response-output\" aria-hidden=\"true\"><\/div>\n<\/form>\n<\/div>\n<\/div><div class=\"fusion-clearfix\"><\/div>\n","protected":false},"excerpt":{"rendered":"<p>Nous recherchons des blogueurs de cuisine passionn\u00e9s comme toi pour repr\u00e9sentez BOSSCOOK.<\/p>\n","protected":false},"author":1,"featured_media":0,"parent":0,"menu_order":0,"comment_status":"open","ping_status":"open","template":"full-width.php","meta":{"footnotes":""},"class_list":["post-11534","page","type-page","status-publish","hentry"],"yoast_head":"<!-- This site is optimized with the Yoast SEO plugin v27.4 - https:\/\/yoast.com\/product\/yoast-seo-wordpress\/ -->\n<title>Blogger BOSSCOOK<\/title>\n<meta name=\"description\" content=\"\u00bfEres blogger de cocina? Buscamos bloggers para represenar BOSSCOOK. Si te interesa el producto puedes distribuirlo en tiendas de cocina.\" \/>\n<meta name=\"robots\" content=\"index, follow, max-snippet:-1, max-image-preview:large, max-video-preview:-1\" \/>\n<link rel=\"canonical\" href=\"https:\/\/www.bosscook.es\/fr\/blogger\/\" \/>\n<meta property=\"og:locale\" content=\"fr_FR\" \/>\n<meta property=\"og:type\" content=\"article\" \/>\n<meta property=\"og:title\" content=\"Blogger BOSSCOOK\" \/>\n<meta property=\"og:description\" content=\"\u00bfEres blogger de cocina? Buscamos bloggers para represenar BOSSCOOK. Si te interesa el producto puedes distribuirlo en tiendas de cocina.\" \/>\n<meta property=\"og:url\" content=\"https:\/\/www.bosscook.es\/fr\/blogger\/\" \/>\n<meta property=\"og:site_name\" content=\"BOSSCOOK\" \/>\n<meta property=\"article:modified_time\" content=\"2020-02-25T14:37:36+00:00\" \/>\n<meta property=\"og:image\" content=\"http:\/\/www.bosscook.es\/wp-content\/uploads\/2014\/09\/titulo_blogger_FR.png\" \/>\n<meta name=\"twitter:label1\" content=\"Dur\u00e9e de lecture estim\u00e9e\" \/>\n\t<meta name=\"twitter:data1\" content=\"2 minutes\" \/>\n<script type=\"application\/ld+json\" class=\"yoast-schema-graph\">{\"@context\":\"https:\\\/\\\/schema.org\",\"@graph\":[{\"@type\":\"WebPage\",\"@id\":\"https:\\\/\\\/www.bosscook.es\\\/fr\\\/blogger\\\/\",\"url\":\"https:\\\/\\\/www.bosscook.es\\\/fr\\\/blogger\\\/\",\"name\":\"Blogger BOSSCOOK\",\"isPartOf\":{\"@id\":\"https:\\\/\\\/www.bosscook.es\\\/#website\"},\"primaryImageOfPage\":{\"@id\":\"https:\\\/\\\/www.bosscook.es\\\/fr\\\/blogger\\\/#primaryimage\"},\"image\":{\"@id\":\"https:\\\/\\\/www.bosscook.es\\\/fr\\\/blogger\\\/#primaryimage\"},\"thumbnailUrl\":\"http:\\\/\\\/www.bosscook.es\\\/wp-content\\\/uploads\\\/2014\\\/09\\\/titulo_blogger_FR.png\",\"datePublished\":\"2014-09-02T07:01:56+00:00\",\"dateModified\":\"2020-02-25T14:37:36+00:00\",\"description\":\"\u00bfEres blogger de cocina? Buscamos bloggers para represenar BOSSCOOK. Si te interesa el producto puedes distribuirlo en tiendas de cocina.\",\"breadcrumb\":{\"@id\":\"https:\\\/\\\/www.bosscook.es\\\/fr\\\/blogger\\\/#breadcrumb\"},\"inLanguage\":\"fr-FR\",\"potentialAction\":[{\"@type\":\"ReadAction\",\"target\":[\"https:\\\/\\\/www.bosscook.es\\\/fr\\\/blogger\\\/\"]}]},{\"@type\":\"ImageObject\",\"inLanguage\":\"fr-FR\",\"@id\":\"https:\\\/\\\/www.bosscook.es\\\/fr\\\/blogger\\\/#primaryimage\",\"url\":\"http:\\\/\\\/www.bosscook.es\\\/wp-content\\\/uploads\\\/2014\\\/09\\\/titulo_blogger_FR.png\",\"contentUrl\":\"http:\\\/\\\/www.bosscook.es\\\/wp-content\\\/uploads\\\/2014\\\/09\\\/titulo_blogger_FR.png\"},{\"@type\":\"BreadcrumbList\",\"@id\":\"https:\\\/\\\/www.bosscook.es\\\/fr\\\/blogger\\\/#breadcrumb\",\"itemListElement\":[{\"@type\":\"ListItem\",\"position\":1,\"name\":\"Portada\",\"item\":\"https:\\\/\\\/www.bosscook.es\\\/fr\\\/\"},{\"@type\":\"ListItem\",\"position\":2,\"name\":\"Blogger\"}]},{\"@type\":\"WebSite\",\"@id\":\"https:\\\/\\\/www.bosscook.es\\\/#website\",\"url\":\"https:\\\/\\\/www.bosscook.es\\\/\",\"name\":\"BOSSCOOK\",\"description\":\"Cocina al vapor\",\"potentialAction\":[{\"@type\":\"SearchAction\",\"target\":{\"@type\":\"EntryPoint\",\"urlTemplate\":\"https:\\\/\\\/www.bosscook.es\\\/?s={search_term_string}\"},\"query-input\":{\"@type\":\"PropertyValueSpecification\",\"valueRequired\":true,\"valueName\":\"search_term_string\"}}],\"inLanguage\":\"fr-FR\"}]}<\/script>\n<!-- \/ Yoast SEO plugin. -->","yoast_head_json":{"title":"Blogger BOSSCOOK","description":"\u00bfEres blogger de cocina? Buscamos bloggers para represenar BOSSCOOK. Si te interesa el producto puedes distribuirlo en tiendas de cocina.","robots":{"index":"index","follow":"follow","max-snippet":"max-snippet:-1","max-image-preview":"max-image-preview:large","max-video-preview":"max-video-preview:-1"},"canonical":"https:\/\/www.bosscook.es\/fr\/blogger\/","og_locale":"fr_FR","og_type":"article","og_title":"Blogger BOSSCOOK","og_description":"\u00bfEres blogger de cocina? Buscamos bloggers para represenar BOSSCOOK. Si te interesa el producto puedes distribuirlo en tiendas de cocina.","og_url":"https:\/\/www.bosscook.es\/fr\/blogger\/","og_site_name":"BOSSCOOK","article_modified_time":"2020-02-25T14:37:36+00:00","og_image":[{"url":"http:\/\/www.bosscook.es\/wp-content\/uploads\/2014\/09\/titulo_blogger_FR.png","type":"","width":"","height":""}],"twitter_misc":{"Dur\u00e9e de lecture estim\u00e9e":"2 minutes"},"schema":{"@context":"https:\/\/schema.org","@graph":[{"@type":"WebPage","@id":"https:\/\/www.bosscook.es\/fr\/blogger\/","url":"https:\/\/www.bosscook.es\/fr\/blogger\/","name":"Blogger BOSSCOOK","isPartOf":{"@id":"https:\/\/www.bosscook.es\/#website"},"primaryImageOfPage":{"@id":"https:\/\/www.bosscook.es\/fr\/blogger\/#primaryimage"},"image":{"@id":"https:\/\/www.bosscook.es\/fr\/blogger\/#primaryimage"},"thumbnailUrl":"http:\/\/www.bosscook.es\/wp-content\/uploads\/2014\/09\/titulo_blogger_FR.png","datePublished":"2014-09-02T07:01:56+00:00","dateModified":"2020-02-25T14:37:36+00:00","description":"\u00bfEres blogger de cocina? Buscamos bloggers para represenar BOSSCOOK. Si te interesa el producto puedes distribuirlo en tiendas de cocina.","breadcrumb":{"@id":"https:\/\/www.bosscook.es\/fr\/blogger\/#breadcrumb"},"inLanguage":"fr-FR","potentialAction":[{"@type":"ReadAction","target":["https:\/\/www.bosscook.es\/fr\/blogger\/"]}]},{"@type":"ImageObject","inLanguage":"fr-FR","@id":"https:\/\/www.bosscook.es\/fr\/blogger\/#primaryimage","url":"http:\/\/www.bosscook.es\/wp-content\/uploads\/2014\/09\/titulo_blogger_FR.png","contentUrl":"http:\/\/www.bosscook.es\/wp-content\/uploads\/2014\/09\/titulo_blogger_FR.png"},{"@type":"BreadcrumbList","@id":"https:\/\/www.bosscook.es\/fr\/blogger\/#breadcrumb","itemListElement":[{"@type":"ListItem","position":1,"name":"Portada","item":"https:\/\/www.bosscook.es\/fr\/"},{"@type":"ListItem","position":2,"name":"Blogger"}]},{"@type":"WebSite","@id":"https:\/\/www.bosscook.es\/#website","url":"https:\/\/www.bosscook.es\/","name":"BOSSCOOK","description":"Cocina al vapor","potentialAction":[{"@type":"SearchAction","target":{"@type":"EntryPoint","urlTemplate":"https:\/\/www.bosscook.es\/?s={search_term_string}"},"query-input":{"@type":"PropertyValueSpecification","valueRequired":true,"valueName":"search_term_string"}}],"inLanguage":"fr-FR"}]}},"_links":{"self":[{"href":"https:\/\/www.bosscook.es\/fr\/wp-json\/wp\/v2\/pages\/11534","targetHints":{"allow":["GET"]}}],"collection":[{"href":"https:\/\/www.bosscook.es\/fr\/wp-json\/wp\/v2\/pages"}],"about":[{"href":"https:\/\/www.bosscook.es\/fr\/wp-json\/wp\/v2\/types\/page"}],"author":[{"embeddable":true,"href":"https:\/\/www.bosscook.es\/fr\/wp-json\/wp\/v2\/users\/1"}],"replies":[{"embeddable":true,"href":"https:\/\/www.bosscook.es\/fr\/wp-json\/wp\/v2\/comments?post=11534"}],"version-history":[{"count":7,"href":"https:\/\/www.bosscook.es\/fr\/wp-json\/wp\/v2\/pages\/11534\/revisions"}],"predecessor-version":[{"id":12556,"href":"https:\/\/www.bosscook.es\/fr\/wp-json\/wp\/v2\/pages\/11534\/revisions\/12556"}],"wp:attachment":[{"href":"https:\/\/www.bosscook.es\/fr\/wp-json\/wp\/v2\/media?parent=11534"}],"curies":[{"name":"wp","href":"https:\/\/api.w.org\/{rel}","templated":true}]}}