{"id":12358,"date":"2020-02-10T12:33:26","date_gmt":"2020-02-10T11:33:26","guid":{"rendered":"https:\/\/www.bosscook.es\/?page_id=12358"},"modified":"2020-02-25T12:34:02","modified_gmt":"2020-02-25T11:34:02","slug":"bosscook-3","status":"publish","type":"page","link":"https:\/\/www.bosscook.es\/fr\/bosscook-3\/","title":{"rendered":"BOSSCOOK"},"content":{"rendered":"<div class=\"fusion-fullwidth fullwidth-box\" style=\"background-attachment:fixed;background-color:#ffffff;background-position:left top;background-repeat:no-repeat;-webkit-background-size:cover;-moz-background-size:cover;-o-background-size:cover;background-size:cover;border-color:#eae9e9;border-bottom-width: 0px;border-top-width: 0px;border-bottom-style: solid;border-top-style: solid;padding-bottom:0px;padding-top:0px;\"><div class=\"avada-row\"><\/div><\/div>\n<p><a href=\"http:\/\/www.bosscook.es\/wp-content\/uploads\/2014\/09\/titulo_bosscook2_FR.png\"><img loading=\"lazy\" decoding=\"async\" class=\"alignnone wp-image-11512 size-full\" title=\"bosscook\" src=\"http:\/\/www.bosscook.es\/wp-content\/uploads\/2014\/09\/titulo_bosscook2_FR.png\" alt=\"\" width=\"649\" height=\"183\" srcset=\"https:\/\/www.bosscook.es\/wp-content\/uploads\/2014\/09\/titulo_bosscook2_FR.png 1078w, https:\/\/www.bosscook.es\/wp-content\/uploads\/2014\/09\/titulo_bosscook2_FR-300x84.png 300w, https:\/\/www.bosscook.es\/wp-content\/uploads\/2014\/09\/titulo_bosscook2_FR-1024x288.png 1024w\" sizes=\"auto, (max-width: 649px) 100vw, 649px\" \/><\/a><\/p>\n<p>BOSSCOOK, sacs cuisson au four et micro-ondes avec une nouvelle fermeture auto adh\u00e9sive qui r\u00e9gule la pression interne pendant la cuisson. L&#8217;aliment est cuit dans son jus, l&#8217;assaisonnement au go\u00fbt, ce qui rend plus tendre, juteuse et sain.<\/p>\n<p><span id=\"result_box\" lang=\"en\"><span class=\"hps\">C\u2019est tr\u00e8s facile de cuisiner avec BOSSCOOK et est bon pour tout le monde, et particuli\u00e8rement adapt\u00e9 pour les personnes atteintes de cholest\u00e9rol ou avec la n\u00e9cessit\u00e9 d\u2019aliments faibles en gras, les gens souffrant d&#8217;allergies et intol\u00e9rances alimentaires, les enfants et les personnes \u00e2g\u00e9es.<\/span><\/span><\/p>\n<p><a href=\"http:\/\/www.bosscook.es\/wp-content\/uploads\/2014\/09\/funcionamiento_bosscook_FR.png\"><img loading=\"lazy\" decoding=\"async\" class=\"alignnone wp-image-11514 size-full\" title=\"bosscook_funcionamiento\" src=\"http:\/\/www.bosscook.es\/wp-content\/uploads\/2014\/09\/funcionamiento_bosscook_FR.png\" alt=\"\" width=\"818\" height=\"288\" srcset=\"https:\/\/www.bosscook.es\/wp-content\/uploads\/2014\/09\/funcionamiento_bosscook_FR.png 1068w, https:\/\/www.bosscook.es\/wp-content\/uploads\/2014\/09\/funcionamiento_bosscook_FR-300x105.png 300w, https:\/\/www.bosscook.es\/wp-content\/uploads\/2014\/09\/funcionamiento_bosscook_FR-1024x360.png 1024w\" sizes=\"auto, (max-width: 818px) 100vw, 818px\" \/><\/a><\/p>\n<div class=\"fusion-title title\"><h2 class=\"title-heading-left\">Instructions<\/h2><div class=\"title-sep-container\"><div class=\"title-sep sep-double\"><\/div><\/div><\/div><div class=\"fusion-sep-clear\"><\/div><div class=\"fusion-separator sep-none\" style=\"border-color:#e0dede;margin-top:-0,5px;margin-bottom:-30px;\"><\/div>\n<ol>\n<li>Mettre les aliments dans le sac et assaisonner \u00e0 votre go\u00fbt. Placez le sac sur une assiette (micro-ondes) ou sur un plat (four). Ne pas perforer. Pour fermer le sac, retirez le papier (A) et tirer les c\u00f4t\u00e9s du sac (B).<\/li>\n<li>Pendant la cuisson, la pression interne peut augmenter et la fermeture de la BOSSCOOK fait fonction d\u2019auto r\u00e9gulateur pour laisser sortir la vapeur progressivement.<\/li>\n<li>Attendre 30 secondes apr\u00e8s la cuisson. Retirez d\u00e9licatement l\u00b4assiette\/plat avec le sac, couper avec des ciseaux et servir.<\/li>\n<\/ol>\n<style>.fusion-button.button-1{text-shadow:none;-webkit-box-shadow:none;-moz-box-shadow:none;box-shadow: none;border-width:0px;color:rgba(255,255,255,.8) ;border-color:rgba(255,255,255,.8) ;}.fusion-button.button-1:hover,.fusion-button.button-1:focus,.fusion-button.button-1:active{border-width:0px;border-color:rgba(255,255,255,.9) ;color:rgba(255,255,255,.9) ;}.fusion-button.button-1{background: #757575;}.fusion-button.button-1:hover,.button-1:focus,.fusion-button.button-1:active{background: #c3d500;}<\/style><a class=\"button medium button default fusion-button button-flat button-square button-medium button-default button-1 buttonshadow-no\" type=\"button\" target=\"_blank\" title href=\"http:\/\/www.bosscook.es\/wp-content\/uploads\/2014\/11\/sugerencias-de-cocci\u00f3n.pdf\"><span class=\"button-icon-divider-left\"><i class=\"fa fa-star\"><\/i><\/span><span class=\"fusion-button-text-left\">Temps de cuisson<\/span><\/a><div class=\"fusion-sep-clear\"><\/div><div class=\"fusion-separator sep-none\" style=\"border-color:#e0dede;margin-top:40px;margin-bottom:-30px;\"><\/div><div class=\"fusion-title title\"><h2 class=\"title-heading-left\">Mode d&#8217;emploi<\/h2><div class=\"title-sep-container\"><div class=\"title-sep sep-double\"><\/div><\/div><\/div><div class=\"fusion-sep-clear\"><\/div><div class=\"fusion-separator sep-none\" style=\"border-color:#e0dede;margin-top:-0,1px;margin-bottom:-30px;\"><\/div>\n<div class=\"accordian fusion-accordian\"><div class=\"panel-group\" id=\"accordion-1\"><div class=\"fusion-panel panel-default\"><div class=\"panel-heading\"><h4 class=\"panel-title toggle\"><a data-toggle=\"collapse\" data-parent=\"#accordion-1\" data-target=\"#8e74e7178ec1f94c8\" href=\"#8e74e7178ec1f94c8\"><i class=\"fa-fusion-box\"><\/i>Four<\/a><\/h4><\/div><div id=\"8e74e7178ec1f94c8\" class=\"panel-collapse collapse \"><div class=\"panel-body toggle-content\">\n<p>La temp\u00e9rature maximale de 200\u00b0<\/p>\n<p>Temps maximum de 40 min<\/p>\n<p>Pr\u00e9chauffer le four avant la cuisson<\/p>\n<\/div><\/div><\/div>\n<div class=\"fusion-panel panel-default\"><div class=\"panel-heading\"><h4 class=\"panel-title toggle\"><a data-toggle=\"collapse\" data-parent=\"#accordion-1\" data-target=\"#8d796abdf942e9d1e\" href=\"#8d796abdf942e9d1e\"><i class=\"fa-fusion-box\"><\/i>Micro-ondes<\/a><\/h4><\/div><div id=\"8d796abdf942e9d1e\" class=\"panel-collapse collapse \"><div class=\"panel-body toggle-content\">\n<p>800W temp\u00e9rature maximale<\/p>\n<p>Temps maximum de 30 min.<\/div><\/div><\/div><div class=\"fusion-panel panel-default\"><div class=\"panel-heading\"><h4 class=\"panel-title toggle\"><a data-toggle=\"collapse\" data-parent=\"#accordion-1\" data-target=\"#291bbe60d087874cf\" href=\"#291bbe60d087874cf\"><i class=\"fa-fusion-box\"><\/i>Cong\u00e9lation<\/a><\/h4><\/div><div id=\"291bbe60d087874cf\" class=\"panel-collapse collapse \"><div class=\"panel-body toggle-content\">Vous pouvez congeler des aliments et cuire une fois ils sont d\u00e9congel\u00e9s.<\/div><\/div><\/div><\/div><\/div>\n<div class=\"fusion-sep-clear\"><\/div><div class=\"fusion-separator sep-none\" style=\"border-color:#e0dede;margin-top:50px;margin-bottom:-30px;\"><\/div><div class=\"fusion-one-third one_third fusion-column\"><div class=\"fusion-flip-boxes flip-boxes row\"><div class=\"fusion-flip-box-wrapper col-lg-12 col-md-12 col-sm-12\"><div class=\"fusion-flip-box\"><div class=\"flip-box-inner-wrapper\"><div class=\"flip-box-front\" style=\"background-color:#f6f6f6;border-color:transparent;border-radius:4px;border-style:solid;border-width:1px;color:#747474;\"><div class=\"flip-box-front-inner\"><div class=\"flip-box-grafix flip-box-circle\" style=\"background-color:#c3d500;border-color:#a0ce4e;\"><i class=\"fa fa-cutlery\" style=\"color:#ffffff;\"><\/i><\/div><h2 class=\"flip-box-heading\" style=\"color:#333333;\">Cuisson \u00e0 la vapeur<\/h2>Avantages<\/div><\/div><div class=\"flip-box-back\" style=\"background-color:#c3d500;border-color:transparent;border-radius:4px;border-style:solid;border-width:1px;color:#ffffff;\"><div class=\"flip-box-back-inner\">Cuisson \u00e0 la vapeur est en tr\u00e8s bonne sant\u00e9<style>.fusion-button.button-2{text-shadow:none;-webkit-box-shadow:none;-moz-box-shadow:none;box-shadow: none;border-width:0px;color:rgba(255,255,255,.7);border-color:rgba(255,255,255,.7);}.fusion-button.button-2:hover,.fusion-button.button-2:focus,.fusion-button.button-2:active{border-width:0px;border-color:rgba(255,255,255,.7);color:rgba(255,255,255,.7);}.fusion-button.button-2{background: #5d5d5d;}.fusion-button.button-2:hover,.button-2:focus,.fusion-button.button-2:active{background: #5d5d5d;}<\/style><a class=\"button large button custom fusion-button button-flat button-round button-large button-custom button-2 buttonshadow-no\" type=\"button\" target=\"_self\" title href=\"http:\/\/www.bosscook.es\/cocina-al-vapor\/\"><span class=\"fusion-button-text\">En savoir plus<\/span><\/a><\/div><\/div><\/div><\/div><\/div><\/div><div class=\"fusion-clearfix\"><\/div><\/div><div class=\"fusion-one-third one_third fusion-column\"><div class=\"fusion-flip-boxes flip-boxes row\"><div class=\"fusion-flip-box-wrapper col-lg-12 col-md-12 col-sm-12\"><div class=\"fusion-flip-box\"><div class=\"flip-box-inner-wrapper\"><div class=\"flip-box-front\" style=\"background-color:#f6f6f6;border-color:transparent;border-radius:4px;border-style:solid;border-width:1px;color:#747474;\"><div class=\"flip-box-front-inner\"><div class=\"flip-box-grafix flip-box-circle\" style=\"background-color:#c3d500;border-color:#a0ce4e;\"><i class=\"fa fa-bell\" style=\"color:#ffffff;\"><\/i><\/div><h2 class=\"flip-box-heading\" style=\"color:#333333;\">Les intol\u00e9rances alimentaires<\/h2>Solutions<\/div><\/div><div class=\"flip-box-back\" style=\"background-color:#c3d500;border-color:transparent;border-radius:4px;border-style:solid;border-width:1px;color:#ffffff;\"><div class=\"flip-box-back-inner\">BOSSCOOK facile \u00e0 cuisiner pour les intol\u00e9rances alimentaires <style>.fusion-button.button-3{text-shadow:none;-webkit-box-shadow:none;-moz-box-shadow:none;box-shadow: none;border-width:0px;color:rgba(255,255,255,.7);border-color:rgba(255,255,255,.7);}.fusion-button.button-3:hover,.fusion-button.button-3:focus,.fusion-button.button-3:active{border-width:0px;border-color:rgba(255,255,255,.7);color:rgba(255,255,255,.7);}.fusion-button.button-3{background: #5d5d5d;}.fusion-button.button-3:hover,.button-3:focus,.fusion-button.button-3:active{background: #5d5d5d;}<\/style><a class=\"button large button custom fusion-button button-flat button-round button-large button-custom button-3 buttonshadow-no\" type=\"button\" target=\"_self\" title href=\"http:\/\/www.bosscook.es\/intolerancias-alimentarias\/\"><span class=\"fusion-button-text\">En savoir plus<\/span><\/a><\/div><\/div><\/div><\/div><\/div><\/div><div class=\"fusion-clearfix\"><\/div><\/div>\n<div class=\"fusion-one-third one_third fusion-column last\"><div class=\"fusion-flip-boxes flip-boxes row\"><div class=\"fusion-flip-box-wrapper col-lg-12 col-md-12 col-sm-12\"><div class=\"fusion-flip-box\"><div class=\"flip-box-inner-wrapper\"><div class=\"flip-box-front\" style=\"background-color:#f6f6f6;border-color:transparent;border-radius:4px;border-style:solid;border-width:1px;color:#747474;\"><div class=\"flip-box-front-inner\"><div class=\"flip-box-grafix flip-box-circle\" style=\"background-color:#c3d500;border-color:#a0ce4e;\"><i class=\"fa fa-trophy\" style=\"color:#ffffff;\"><\/i><\/div><h2 class=\"flip-box-heading\" style=\"color:#333333;\">BPA FREE<\/h2>Bags without Bisphenol-A<\/div><\/div><div class=\"flip-box-back\" style=\"background-color:#c3d500;border-color:transparent;border-radius:4px;border-style:solid;border-width:1px;color:#ffffff;\"><div class=\"flip-box-back-inner\"><\/div><\/div><\/div><\/div><\/div><\/div><div class=\"fusion-clearfix\"><\/div><\/div><div class=\"fusion-clearfix\"><\/div>\n\n\n<p><\/p>\n","protected":false},"excerpt":{"rendered":"<p>BOSSCOOK, sacs cuisson au four et micro-ondes avec une nouvelle fermeture auto adh\u00e9sive qui r\u00e9gule la pression interne pendant la cuisson. L&#8217;aliment est cuit dans son jus, l&#8217;assaisonnement au go\u00fbt, ce qui rend plus tendre, juteuse et sain. C\u2019est tr\u00e8s facile de cuisiner avec BOSSCOOK et est bon pour tout le monde, et particuli\u00e8rement adapt\u00e9 [&hellip;]<\/p>\n","protected":false},"author":1,"featured_media":0,"parent":0,"menu_order":0,"comment_status":"closed","ping_status":"closed","template":"full-width.php","meta":{"footnotes":""},"class_list":["post-12358","page","type-page","status-publish","hentry"],"yoast_head":"<!-- This site is optimized with the Yoast SEO plugin v27.5 - https:\/\/yoast.com\/product\/yoast-seo-wordpress\/ -->\n<title>BOSSCOOK<\/title>\n<meta name=\"description\" content=\"Bolsas BOSSCOOK para cocinar al horno y microondas con cierre adhesivo. M\u00e9todo de cocci\u00f3n f\u00e1cil, r\u00e1pida y limpia. Mil recetas posibles, sanas y sabrosas.\" \/>\n<meta name=\"robots\" content=\"index, follow, max-snippet:-1, max-image-preview:large, max-video-preview:-1\" \/>\n<link rel=\"canonical\" href=\"https:\/\/www.bosscook.es\/fr\/bosscook-3\/\" \/>\n<meta property=\"og:locale\" content=\"fr_FR\" \/>\n<meta property=\"og:type\" content=\"article\" \/>\n<meta property=\"og:title\" content=\"BOSSCOOK\" \/>\n<meta property=\"og:description\" content=\"Bolsas BOSSCOOK para cocinar al horno y microondas con cierre adhesivo. M\u00e9todo de cocci\u00f3n f\u00e1cil, r\u00e1pida y limpia. Mil recetas posibles, sanas y sabrosas.\" \/>\n<meta property=\"og:url\" content=\"https:\/\/www.bosscook.es\/fr\/bosscook-3\/\" \/>\n<meta property=\"og:site_name\" content=\"BOSSCOOK\" \/>\n<meta property=\"article:modified_time\" content=\"2020-02-25T11:34:02+00:00\" \/>\n<meta property=\"og:image\" content=\"http:\/\/www.bosscook.es\/wp-content\/uploads\/2014\/09\/titulo_bosscook2_FR.png\" \/>\n<meta name=\"twitter:label1\" content=\"Dur\u00e9e de lecture estim\u00e9e\" \/>\n\t<meta name=\"twitter:data1\" content=\"4 minutes\" \/>\n<script type=\"application\/ld+json\" class=\"yoast-schema-graph\">{\"@context\":\"https:\\\/\\\/schema.org\",\"@graph\":[{\"@type\":\"WebPage\",\"@id\":\"https:\\\/\\\/www.bosscook.es\\\/fr\\\/bosscook-3\\\/\",\"url\":\"https:\\\/\\\/www.bosscook.es\\\/fr\\\/bosscook-3\\\/\",\"name\":\"BOSSCOOK\",\"isPartOf\":{\"@id\":\"https:\\\/\\\/www.bosscook.es\\\/#website\"},\"primaryImageOfPage\":{\"@id\":\"https:\\\/\\\/www.bosscook.es\\\/fr\\\/bosscook-3\\\/#primaryimage\"},\"image\":{\"@id\":\"https:\\\/\\\/www.bosscook.es\\\/fr\\\/bosscook-3\\\/#primaryimage\"},\"thumbnailUrl\":\"http:\\\/\\\/www.bosscook.es\\\/wp-content\\\/uploads\\\/2014\\\/09\\\/titulo_bosscook2_FR.png\",\"datePublished\":\"2020-02-10T11:33:26+00:00\",\"dateModified\":\"2020-02-25T11:34:02+00:00\",\"description\":\"Bolsas BOSSCOOK para cocinar al horno y microondas con cierre adhesivo. M\u00e9todo de cocci\u00f3n f\u00e1cil, r\u00e1pida y limpia. Mil recetas posibles, sanas y sabrosas.\",\"breadcrumb\":{\"@id\":\"https:\\\/\\\/www.bosscook.es\\\/fr\\\/bosscook-3\\\/#breadcrumb\"},\"inLanguage\":\"fr-FR\",\"potentialAction\":[{\"@type\":\"ReadAction\",\"target\":[\"https:\\\/\\\/www.bosscook.es\\\/fr\\\/bosscook-3\\\/\"]}]},{\"@type\":\"ImageObject\",\"inLanguage\":\"fr-FR\",\"@id\":\"https:\\\/\\\/www.bosscook.es\\\/fr\\\/bosscook-3\\\/#primaryimage\",\"url\":\"http:\\\/\\\/www.bosscook.es\\\/wp-content\\\/uploads\\\/2014\\\/09\\\/titulo_bosscook2_FR.png\",\"contentUrl\":\"http:\\\/\\\/www.bosscook.es\\\/wp-content\\\/uploads\\\/2014\\\/09\\\/titulo_bosscook2_FR.png\"},{\"@type\":\"BreadcrumbList\",\"@id\":\"https:\\\/\\\/www.bosscook.es\\\/fr\\\/bosscook-3\\\/#breadcrumb\",\"itemListElement\":[{\"@type\":\"ListItem\",\"position\":1,\"name\":\"Portada\",\"item\":\"https:\\\/\\\/www.bosscook.es\\\/fr\\\/\"},{\"@type\":\"ListItem\",\"position\":2,\"name\":\"BOSSCOOK\"}]},{\"@type\":\"WebSite\",\"@id\":\"https:\\\/\\\/www.bosscook.es\\\/#website\",\"url\":\"https:\\\/\\\/www.bosscook.es\\\/\",\"name\":\"BOSSCOOK\",\"description\":\"Cocina al vapor\",\"potentialAction\":[{\"@type\":\"SearchAction\",\"target\":{\"@type\":\"EntryPoint\",\"urlTemplate\":\"https:\\\/\\\/www.bosscook.es\\\/?s={search_term_string}\"},\"query-input\":{\"@type\":\"PropertyValueSpecification\",\"valueRequired\":true,\"valueName\":\"search_term_string\"}}],\"inLanguage\":\"fr-FR\"}]}<\/script>\n<!-- \/ Yoast SEO plugin. -->","yoast_head_json":{"title":"BOSSCOOK","description":"Bolsas BOSSCOOK para cocinar al horno y microondas con cierre adhesivo. M\u00e9todo de cocci\u00f3n f\u00e1cil, r\u00e1pida y limpia. Mil recetas posibles, sanas y sabrosas.","robots":{"index":"index","follow":"follow","max-snippet":"max-snippet:-1","max-image-preview":"max-image-preview:large","max-video-preview":"max-video-preview:-1"},"canonical":"https:\/\/www.bosscook.es\/fr\/bosscook-3\/","og_locale":"fr_FR","og_type":"article","og_title":"BOSSCOOK","og_description":"Bolsas BOSSCOOK para cocinar al horno y microondas con cierre adhesivo. M\u00e9todo de cocci\u00f3n f\u00e1cil, r\u00e1pida y limpia. Mil recetas posibles, sanas y sabrosas.","og_url":"https:\/\/www.bosscook.es\/fr\/bosscook-3\/","og_site_name":"BOSSCOOK","article_modified_time":"2020-02-25T11:34:02+00:00","og_image":[{"url":"http:\/\/www.bosscook.es\/wp-content\/uploads\/2014\/09\/titulo_bosscook2_FR.png","type":"","width":"","height":""}],"twitter_misc":{"Dur\u00e9e de lecture estim\u00e9e":"4 minutes"},"schema":{"@context":"https:\/\/schema.org","@graph":[{"@type":"WebPage","@id":"https:\/\/www.bosscook.es\/fr\/bosscook-3\/","url":"https:\/\/www.bosscook.es\/fr\/bosscook-3\/","name":"BOSSCOOK","isPartOf":{"@id":"https:\/\/www.bosscook.es\/#website"},"primaryImageOfPage":{"@id":"https:\/\/www.bosscook.es\/fr\/bosscook-3\/#primaryimage"},"image":{"@id":"https:\/\/www.bosscook.es\/fr\/bosscook-3\/#primaryimage"},"thumbnailUrl":"http:\/\/www.bosscook.es\/wp-content\/uploads\/2014\/09\/titulo_bosscook2_FR.png","datePublished":"2020-02-10T11:33:26+00:00","dateModified":"2020-02-25T11:34:02+00:00","description":"Bolsas BOSSCOOK para cocinar al horno y microondas con cierre adhesivo. M\u00e9todo de cocci\u00f3n f\u00e1cil, r\u00e1pida y limpia. Mil recetas posibles, sanas y sabrosas.","breadcrumb":{"@id":"https:\/\/www.bosscook.es\/fr\/bosscook-3\/#breadcrumb"},"inLanguage":"fr-FR","potentialAction":[{"@type":"ReadAction","target":["https:\/\/www.bosscook.es\/fr\/bosscook-3\/"]}]},{"@type":"ImageObject","inLanguage":"fr-FR","@id":"https:\/\/www.bosscook.es\/fr\/bosscook-3\/#primaryimage","url":"http:\/\/www.bosscook.es\/wp-content\/uploads\/2014\/09\/titulo_bosscook2_FR.png","contentUrl":"http:\/\/www.bosscook.es\/wp-content\/uploads\/2014\/09\/titulo_bosscook2_FR.png"},{"@type":"BreadcrumbList","@id":"https:\/\/www.bosscook.es\/fr\/bosscook-3\/#breadcrumb","itemListElement":[{"@type":"ListItem","position":1,"name":"Portada","item":"https:\/\/www.bosscook.es\/fr\/"},{"@type":"ListItem","position":2,"name":"BOSSCOOK"}]},{"@type":"WebSite","@id":"https:\/\/www.bosscook.es\/#website","url":"https:\/\/www.bosscook.es\/","name":"BOSSCOOK","description":"Cocina al vapor","potentialAction":[{"@type":"SearchAction","target":{"@type":"EntryPoint","urlTemplate":"https:\/\/www.bosscook.es\/?s={search_term_string}"},"query-input":{"@type":"PropertyValueSpecification","valueRequired":true,"valueName":"search_term_string"}}],"inLanguage":"fr-FR"}]}},"_links":{"self":[{"href":"https:\/\/www.bosscook.es\/fr\/wp-json\/wp\/v2\/pages\/12358","targetHints":{"allow":["GET"]}}],"collection":[{"href":"https:\/\/www.bosscook.es\/fr\/wp-json\/wp\/v2\/pages"}],"about":[{"href":"https:\/\/www.bosscook.es\/fr\/wp-json\/wp\/v2\/types\/page"}],"author":[{"embeddable":true,"href":"https:\/\/www.bosscook.es\/fr\/wp-json\/wp\/v2\/users\/1"}],"replies":[{"embeddable":true,"href":"https:\/\/www.bosscook.es\/fr\/wp-json\/wp\/v2\/comments?post=12358"}],"version-history":[{"count":6,"href":"https:\/\/www.bosscook.es\/fr\/wp-json\/wp\/v2\/pages\/12358\/revisions"}],"predecessor-version":[{"id":12542,"href":"https:\/\/www.bosscook.es\/fr\/wp-json\/wp\/v2\/pages\/12358\/revisions\/12542"}],"wp:attachment":[{"href":"https:\/\/www.bosscook.es\/fr\/wp-json\/wp\/v2\/media?parent=12358"}],"curies":[{"name":"wp","href":"https:\/\/api.w.org\/{rel}","templated":true}]}}